{"id":2930,"date":"2020-04-16T08:51:03","date_gmt":"2020-04-16T08:51:03","guid":{"rendered":"https:\/\/hendon.qodeinteractive.com\/?page_id=3"},"modified":"2025-10-26T16:06:27","modified_gmt":"2025-10-26T16:06:27","slug":"declaration-de-confidentialite-et-consentement","status":"publish","type":"page","link":"https:\/\/lakami.ca\/en\/declaration-de-confidentialite-et-consentement\/","title":{"rendered":"D\u00e9claration de confidentialit\u00e9 et Consentement"},"content":{"rendered":"<div data-elementor-type=\"wp-page\" data-elementor-id=\"2930\" class=\"elementor elementor-2930\" data-elementor-post-type=\"page\">\n\t\t\t\t<div class=\"elementor-element elementor-element-28be9c5d e-flex e-con-boxed e-con e-parent\" data-id=\"28be9c5d\" data-element_type=\"container\" data-e-type=\"container\">\n\t\t\t\t\t<div class=\"e-con-inner\">\n\t\t\t\t<div class=\"elementor-element elementor-element-520f88e7 elementor-widget elementor-widget-text-editor\" data-id=\"520f88e7\" data-element_type=\"widget\" data-e-type=\"widget\" data-widget_type=\"text-editor.default\">\n\t\t\t\t<div class=\"elementor-widget-container\">\n\t\t\t\t\t\t\t\t\t<p data-start=\"94\" data-end=\"986\"><strong data-start=\"94\" data-end=\"110\">Introduction<\/strong><\/p>\n<p data-start=\"94\" data-end=\"986\">Nous, nos soci\u00e9t\u00e9s m\u00e8res, filiales, affili\u00e9es et entit\u00e9s connexes, respectons votre droit \u00e0 la vie priv\u00e9e. Nous reconnaissons l\u2019importance de prot\u00e9ger les informations personnelles que vous nous fournissez lors de votre visite sur notre site web et nous nous engageons \u00e0 pr\u00e9server la confidentialit\u00e9 et la s\u00e9curit\u00e9 des informations personnelles que nous collectons. La pr\u00e9sente politique de confidentialit\u00e9 (la \u00ab\u202fPolitique de confidentialit\u00e9\u202f\u00bb) d\u00e9crit, entre autres, le type d\u2019informations personnelles que nous recueillons, comment nous les utilisons, les mesures de protection mises en place, votre droit d\u2019acc\u00e8s aux informations personnelles et \u00e0 qui ces informations peuvent \u00eatre divulgu\u00e9es. Cette Politique de confidentialit\u00e9 s\u2019applique \u00e0 toutes les informations personnelles que nous recevons de la part de personnes, comme vous, qui ne sont pas employ\u00e9es par nous.<\/p>\n<p data-start=\"988\" data-end=\"1330\">Aux fins de cette d\u00e9claration, \u00ab\u202finformations personnelles\u202f\u00bb d\u00e9signe les informations concernant une personne identifiable, y compris, sans s\u2019y limiter, les coordonn\u00e9es telles que le nom, l\u2019adresse, l\u2019adresse e-mail, le num\u00e9ro de t\u00e9l\u00e9phone, les informations d\u00e9mographiques ou familiales, ainsi que les informations financi\u00e8res et de cr\u00e9dit.<\/p>\n<hr data-start=\"1332\" data-end=\"1335\" \/>\n<p data-start=\"1337\" data-end=\"1914\"><strong data-start=\"1337\" data-end=\"1382\">Utilisation des informations personnelles<\/strong><br data-start=\"1382\" data-end=\"1385\" \/>Nous ne collectons que les informations personnelles directement li\u00e9es \u00e0 nos activit\u00e9s commerciales. En saisissant vos informations personnelles sur notre site web, vous consentez au traitement de ces informations \u00e0 des fins commerciales, notamment en rapport avec des achats potentiels, des \u00e9tudes de march\u00e9, la planification de projets\/d\u00e9veloppements ou comme indiqu\u00e9 dans les accords pertinents. La quantit\u00e9 et le type d\u2019informations collect\u00e9es seront limit\u00e9s \u00e0 ce qui est n\u00e9cessaire pour atteindre les objectifs identifi\u00e9s.<\/p>\n<p data-start=\"1916\" data-end=\"1990\">De mani\u00e8re g\u00e9n\u00e9rale, nous utilisons les informations personnelles pour\u202f:<\/p>\n<p data-start=\"1916\" data-end=\"1990\">\u00a0<\/p>\n<p data-start=\"1916\" data-end=\"1990\">R\u00e9pondre aux demandes d\u2019informations ;<\/p>\n<p data-start=\"1916\" data-end=\"1990\">Vous fournir un service \u00e0 la client\u00e8le ;<\/p>\n<p data-start=\"1916\" data-end=\"1990\">Effectuer, traiter et finaliser des transactions avec vous ;<\/p>\n<p data-start=\"1916\" data-end=\"1990\">Rendre disponibles, promouvoir et offrir des services, produits et\/ou offres sp\u00e9ciales\u00a0<\/p>\n<p data-start=\"1916\" data-end=\"1990\">Am\u00e9liorer et personnaliser le contenu et\/ou la mise en page de notre site web pour les visiteurs individuels ; et<\/p>\n<p data-start=\"1916\" data-end=\"1990\">Mieux vous servir.<\/p>\n<p data-start=\"1916\" data-end=\"1990\">\u00a0<\/p>\n<hr data-start=\"2380\" data-end=\"2383\" \/>\n<p data-start=\"2385\" data-end=\"3011\"><strong data-start=\"2385\" data-end=\"2429\">Protection des informations personnelles<\/strong><\/p>\n<p data-start=\"2385\" data-end=\"3011\">Nous avons mis en place des mesures appropri\u00e9es pour prot\u00e9ger la confidentialit\u00e9 et la s\u00e9curit\u00e9 des informations personnelles collect\u00e9es et stock\u00e9es dans nos bases de donn\u00e9es. Bien que nous ayons mis en place des mesures de s\u00e9curit\u00e9 pour pr\u00e9venir l\u2019acc\u00e8s, l\u2019utilisation, l\u2019alt\u00e9ration ou la perte non autoris\u00e9e des informations personnelles, veuillez noter que toute information transmise sur Internet peut \u00eatre intercept\u00e9e par des tiers. Nous n\u2019assumons aucune responsabilit\u00e9 en cas d\u2019interception, d\u2019utilisation abusive ou de modification des informations transmises en ligne.<\/p>\n<p data-start=\"3013\" data-end=\"3441\">Notre site web peut contenir des liens vers d\u2019autres sites web qui collectent des informations personnelles. Notre Politique de confidentialit\u00e9 ne s\u2019\u00e9tend pas \u00e0 ces sites tiers et nous n\u2019assumons aucune responsabilit\u00e9 quant aux liens, aux pratiques de confidentialit\u00e9 ou au contenu de ces sites. Nous vous recommandons de consulter les politiques de confidentialit\u00e9 de ces tiers avant de fournir des informations personnelles.<\/p>\n<p data-start=\"3443\" data-end=\"3722\">Sauf si la loi l\u2019exige, ou dans le cadre des directives internes de conformit\u00e9 ou des sauvegardes informatiques de routine, nous conserverons les informations personnelles uniquement aussi longtemps que n\u00e9cessaire pour atteindre l\u2019objectif pour lequel elles ont \u00e9t\u00e9 collect\u00e9es.<\/p>\n<p data-start=\"3443\" data-end=\"3722\">\u00a0<\/p>\n<hr data-start=\"3724\" data-end=\"3727\" \/>\n<p data-start=\"3729\" data-end=\"4078\"><strong data-start=\"3729\" data-end=\"3770\">Acc\u00e8s \u00e0 vos informations personnelles<\/strong><br data-start=\"3770\" data-end=\"3773\" \/>L\u2019acc\u00e8s \u00e0 vos informations personnelles est limit\u00e9 aux personnes ayant besoin de ces informations pour exercer nos activit\u00e9s commerciales. Nous ne divulguons pas vos informations personnelles sans votre consentement, sauf lorsque cela est n\u00e9cessaire pour nos activit\u00e9s commerciales ou requis par la loi.<\/p>\n<p data-start=\"4080\" data-end=\"4141\">Vos informations personnelles peuvent \u00eatre partag\u00e9es avec\u202f:<\/p>\n<p data-start=\"4080\" data-end=\"4141\">Des soci\u00e9t\u00e9s ou entit\u00e9s l\u00e9gales associ\u00e9es \u00e0 nos projets actuels ou futurs, y compris les conseillers juridiques, comptables et auditeurs ;<\/p>\n<p data-start=\"4080\" data-end=\"4141\">L\u2019agent immobilier ou le courtier qui vous a pr\u00e9sent\u00e9 le projet ;<\/p>\n<p data-start=\"4080\" data-end=\"4141\">Des soci\u00e9t\u00e9s de traitement de donn\u00e9es g\u00e9rant des campagnes marketing pour notre compte ;<\/p>\n<p data-start=\"4080\" data-end=\"4141\">Les pr\u00eateurs ou assureurs garantissant un projet\/d\u00e9veloppement ;<\/p>\n<p data-start=\"4080\" data-end=\"4141\">Les compagnies d\u2019assurance fournissant une couverture ;<\/p>\n<p data-start=\"4080\" data-end=\"4141\">Les entrepreneurs, sous-traitants, fournisseurs et prestataires de services publics travaillant sur les projets ;<\/p>\n<p data-start=\"4080\" data-end=\"4141\">Les autorit\u00e9s ou agences gouvernementales ; ou<\/p>\n<p data-start=\"4080\" data-end=\"4141\">Toute autre partie mentionn\u00e9e dans les accords sign\u00e9s par vous.<\/p>\n<p data-start=\"4080\" data-end=\"4141\">\u00a0<\/p>\n<p data-start=\"4816\" data-end=\"5013\">Ces tiers re\u00e7oivent uniquement les informations n\u00e9cessaires pour ex\u00e9cuter les services pour lesquels ils ont \u00e9t\u00e9 engag\u00e9s et sont limit\u00e9s dans l\u2019utilisation des informations \u00e0 ces fins uniquement.<\/p>\n<p data-start=\"4816\" data-end=\"5013\">\u00a0<\/p>\n<hr data-start=\"5015\" data-end=\"5018\" \/>\n<p data-start=\"5020\" data-end=\"5271\"><strong data-start=\"5020\" data-end=\"5062\">Collecte des informations personnelles<\/strong><br data-start=\"5062\" data-end=\"5065\" \/>Dans la mesure du possible, les informations personnelles sont collect\u00e9es directement et avec le consentement de la personne concern\u00e9e. Cependant, il peut arriver que nous les collections aupr\u00e8s de tiers.<\/p>\n<p data-start=\"5273\" data-end=\"5571\">Pour chaque visiteur, notre serveur peut reconna\u00eetre le nom de domaine et l\u2019adresse e-mail (le cas \u00e9ch\u00e9ant). Nous collectons le nom de domaine, des informations agr\u00e9g\u00e9es sur les pages consult\u00e9es, les informations fournies volontairement, les r\u00e9ponses aux sondages et les inscriptions sur le site.<\/p>\n<p data-start=\"5573\" data-end=\"5868\">Nous pouvons \u00e9galement collecter des informations non identifiables, telles que le volume de trafic, les pages visit\u00e9es, le type de navigateur, le syst\u00e8me d\u2019exploitation et le site d\u2019origine. Ces informations sont utilis\u00e9es uniquement \u00e0 des fins statistiques pour am\u00e9liorer la qualit\u00e9 du site.<\/p>\n<p data-start=\"5573\" data-end=\"5868\">\u00a0<\/p>\n<hr data-start=\"5870\" data-end=\"5873\" \/>\n<p data-start=\"5875\" data-end=\"6218\"><strong data-start=\"5875\" data-end=\"5886\">Cookies<\/strong><br data-start=\"5886\" data-end=\"5889\" \/>Un \u00ab\u202fcookie\u202f\u00bb est un petit fichier envoy\u00e9 \u00e0 votre navigateur et stock\u00e9 sur votre appareil, permettant de vous reconna\u00eetre lors de vos visites futures. Les cookies peuvent \u00eatre utilis\u00e9s pour m\u00e9moriser vos pr\u00e9f\u00e9rences, enregistrer des sessions, signaler de nouveaux contenus, suivre l\u2019activit\u00e9 pass\u00e9e ou personnaliser le contenu.<\/p>\n<p data-start=\"6220\" data-end=\"6490\">Vous pouvez configurer votre navigateur pour \u00eatre averti lors de la r\u00e9ception d\u2019un cookie ou pour refuser certains cookies. Vous n\u2019\u00eates pas oblig\u00e9 d\u2019accepter les cookies pour acc\u00e9der au site, mais certaines fonctionnalit\u00e9s peuvent \u00eatre limit\u00e9es si vous les d\u00e9sactivez.<\/p>\n<p data-start=\"6220\" data-end=\"6490\">\u00a0<\/p>\n<hr data-start=\"6492\" data-end=\"6495\" \/>\n<p data-start=\"6497\" data-end=\"6905\"><strong data-start=\"6497\" data-end=\"6544\">Droit d\u2019acc\u00e8s aux informations personnelles<\/strong><br data-start=\"6544\" data-end=\"6547\" \/>Vous pouvez demander l\u2019acc\u00e8s aux informations personnelles que nous d\u00e9tenons \u00e0 votre sujet. Pour v\u00e9rifier, corriger ou consulter vos informations, contactez notre Responsable de la confidentialit\u00e9 par \u00e9crit \u00e0 l\u2019adresse ci-dessous. Bien que vous ayez ce droit d\u2019acc\u00e8s, il n\u2019est pas absolu et nous pouvons refuser l\u2019acc\u00e8s lorsque la loi le permet ou l\u2019exige.<\/p>\n<p data-start=\"6497\" data-end=\"6905\">\u00a0<\/p>\n<hr data-start=\"6907\" data-end=\"6910\" \/>\n<p data-start=\"6912\" data-end=\"7232\"><strong data-start=\"6912\" data-end=\"6946\">Consentement et d\u00e9sinscription<\/strong><br data-start=\"6946\" data-end=\"6949\" \/>Vous pouvez modifier ou retirer votre consentement \u00e0 tout moment. Si vous ne souhaitez plus recevoir de correspondance, contactez notre Responsable de la confidentialit\u00e9. Sous r\u00e9serve des restrictions l\u00e9gales ou contractuelles, nous retirerons votre nom de nos listes de diffusion.<\/p>\n<p data-start=\"6912\" data-end=\"7232\">\u00a0<\/p>\n<hr data-start=\"7234\" data-end=\"7237\" \/>\n<p data-start=\"7239\" data-end=\"7575\"><strong data-start=\"7239\" data-end=\"7273\">Google Analytics et Google Ads<\/strong><br data-start=\"7273\" data-end=\"7276\" \/>Nous utilisons Google Analytics pour analyser l\u2019utilisation du site et personnaliser le contenu en fonction de vos int\u00e9r\u00eats. Nous utilisons \u00e9galement Google Ads remarketing pour afficher des publicit\u00e9s aux visiteurs pr\u00e9c\u00e9dents. Des tiers, y compris Google, peuvent utiliser des cookies \u00e0 ces fins.<\/p>\n<p data-start=\"7577\" data-end=\"7843\">Politique de confidentialit\u00e9 de Google\u202f: <a class=\"decorated-link\" href=\"http:\/\/google.com\/intl\/en\/policies\/privacy\/\" target=\"_new\" rel=\"noopener\" data-start=\"7618\" data-end=\"7708\">http:\/\/google.com\/intl\/en\/policies\/privacy\/<\/a><br data-start=\"7708\" data-end=\"7711\" \/>Option de d\u00e9sactivation de Google Analytics\u202f: <a class=\"decorated-link\" href=\"http:\/\/tools.google.com\/dlpage\/gaoptout\/\" target=\"_new\" rel=\"noopener\" data-start=\"7757\" data-end=\"7841\">http:\/\/tools.google.com\/dlpage\/gaoptout\/<\/a><\/p>\n<p data-start=\"7577\" data-end=\"7843\">\u00a0<\/p>\n<hr data-start=\"7845\" data-end=\"7848\" \/>\n<p data-start=\"7850\" data-end=\"7957\"><strong data-start=\"7850\" data-end=\"7868\">Contactez-nous<\/strong><br data-start=\"7868\" data-end=\"7871\" \/>Pour toute question ou pour acc\u00e9der ou mettre \u00e0 jour vos informations personnelles\u202f:<\/p>\n<p data-start=\"7959\" data-end=\"8004\"><strong data-start=\"7959\" data-end=\"7973\">Nom Pr\u00e9nom<\/strong><br data-start=\"7973\" data-end=\"7976\" \/><strong data-start=\"7976\" data-end=\"7987\">Email :<\/strong> <a class=\"decorated-link cursor-pointer\" tabindex=\"0\" rel=\"noopener\" data-start=\"7988\" data-end=\"8002\" data-uw-rm-kbnav=\"anohref\">info@lakami.ca<\/a><\/p>\n<p data-start=\"8006\" data-end=\"8062\">Toutes les plaintes seront examin\u00e9es d\u00e8s que possible.<\/p>\n<p data-start=\"8006\" data-end=\"8062\">\u00a0<\/p>\n<hr data-start=\"8064\" data-end=\"8067\" \/>\n<p data-start=\"8069\" data-end=\"8425\"><strong data-start=\"8069\" data-end=\"8119\">R\u00e9vision de cette politique de confidentialit\u00e9<\/strong><br data-start=\"8119\" data-end=\"8122\" \/>Nous nous r\u00e9servons le droit de mettre \u00e0 jour cette Politique de confidentialit\u00e9 \u00e0 tout moment afin de refl\u00e9ter les obligations l\u00e9gales ou les changements dans la mani\u00e8re dont nous traitons les informations personnelles, sans pr\u00e9avis. Nous vous recommandons de consulter cette Politique r\u00e9guli\u00e8rement.<\/p>\n<p data-start=\"8069\" data-end=\"8425\">\u00a0<\/p>\n<p data-start=\"8427\" data-end=\"8461\"><strong data-start=\"8427\" data-end=\"8459\">Mise \u00e0 jour\u202f: septembre 2025<\/strong><\/p>\n<p><!-- \/wp:heading --><\/p>\t\t\t\t\t\t\t\t<\/div>\n\t\t\t\t<\/div>\n\t\t\t\t\t<\/div>\n\t\t\t\t<\/div>\n\t\t\t\t<\/div>","protected":false},"excerpt":{"rendered":"<p>Introduction Nous, nos soci\u00e9t\u00e9s m\u00e8res, filiales, affili\u00e9es et entit\u00e9s connexes, respectons votre droit \u00e0 la vie priv\u00e9e. Nous reconnaissons l\u2019importance de prot\u00e9ger les informations personnelles que vous nous fournissez lors de votre visite sur notre site web et nous nous engageons \u00e0 pr\u00e9server la confidentialit\u00e9 et la s\u00e9curit\u00e9 des informations personnelles que nous collectons. La [&hellip;]<\/p>\n","protected":false},"author":1,"featured_media":0,"parent":0,"menu_order":0,"comment_status":"closed","ping_status":"closed","template":"","meta":{"om_disable_all_campaigns":false,"footnotes":""},"class_list":["post-2930","page","type-page","status-publish","hentry"],"aioseo_notices":[],"_links":{"self":[{"href":"https:\/\/lakami.ca\/en\/wp-json\/wp\/v2\/pages\/2930","targetHints":{"allow":["GET"]}}],"collection":[{"href":"https:\/\/lakami.ca\/en\/wp-json\/wp\/v2\/pages"}],"about":[{"href":"https:\/\/lakami.ca\/en\/wp-json\/wp\/v2\/types\/page"}],"author":[{"embeddable":true,"href":"https:\/\/lakami.ca\/en\/wp-json\/wp\/v2\/users\/1"}],"replies":[{"embeddable":true,"href":"https:\/\/lakami.ca\/en\/wp-json\/wp\/v2\/comments?post=2930"}],"version-history":[{"count":3,"href":"https:\/\/lakami.ca\/en\/wp-json\/wp\/v2\/pages\/2930\/revisions"}],"predecessor-version":[{"id":4549,"href":"https:\/\/lakami.ca\/en\/wp-json\/wp\/v2\/pages\/2930\/revisions\/4549"}],"wp:attachment":[{"href":"https:\/\/lakami.ca\/en\/wp-json\/wp\/v2\/media?parent=2930"}],"curies":[{"name":"wp","href":"https:\/\/api.w.org\/{rel}","templated":true}]}}